{"id":89,"date":"2025-07-04T14:30:13","date_gmt":"2025-07-04T14:30:13","guid":{"rendered":"https:\/\/zagrebapartman.com\/?page_id=89"},"modified":"2025-07-18T09:09:53","modified_gmt":"2025-07-18T09:09:53","slug":"pocetna","status":"publish","type":"page","link":"https:\/\/zagrebapartman.com\/en\/","title":{"rendered":"Home"},"content":{"rendered":"<div data-elementor-type=\"wp-page\" data-elementor-id=\"89\" class=\"elementor elementor-89\" data-elementor-post-type=\"page\">\n\t\t\t\t<div class=\"elementor-element elementor-element-249ba112 e-flex e-con-boxed e-con e-parent\" data-id=\"249ba112\" data-element_type=\"container\" data-settings=\"{&quot;background_background&quot;:&quot;classic&quot;}\">\n\t\t\t\t\t<div class=\"e-con-inner\">\n\t\t\t\t<div class=\"elementor-element elementor-element-35e33106 elementor-invisible elementor-widget elementor-widget-heading\" data-id=\"35e33106\" data-element_type=\"widget\" data-settings=\"{&quot;_animation&quot;:&quot;fadeInDown&quot;}\" data-widget_type=\"heading.default\">\n\t\t\t\t\t<h1 class=\"elementor-heading-title elementor-size-default\">True authentic apartments in Zagreb<\/h1>\t\t\t\t<\/div>\n\t\t\t\t<div class=\"elementor-element elementor-element-e78df8a elementor-widget elementor-widget-text-editor\" data-id=\"e78df8a\" data-element_type=\"widget\" data-widget_type=\"text-editor.default\">\n\t\t\t\t\t\t\t\t\t<p>Zagreb as it slowly disappears \u2013 a house with soul, a quiet street, and apartments that have everything you need.<\/p>\t\t\t\t\t\t\t\t<\/div>\n\t\t\t\t\t<\/div>\n\t\t\t\t<\/div>\n\t\t<div class=\"elementor-element elementor-element-1ab83623 e-flex e-con-boxed e-con e-parent\" data-id=\"1ab83623\" data-element_type=\"container\" data-settings=\"{&quot;background_background&quot;:&quot;classic&quot;}\">\n\t\t\t\t\t<div class=\"e-con-inner\">\n\t\t\t\t<div class=\"elementor-element elementor-element-841a964 elementor-align-center elementor-icon-list--layout-traditional elementor-list-item-link-full_width elementor-invisible elementor-widget elementor-widget-icon-list\" data-id=\"841a964\" data-element_type=\"widget\" data-settings=\"{&quot;_animation&quot;:&quot;fadeInUp&quot;}\" data-widget_type=\"icon-list.default\">\n\t\t\t\t\t\t\t<ul class=\"elementor-icon-list-items\">\n\t\t\t\t\t\t\t<li class=\"elementor-icon-list-item\">\n\t\t\t\t\t\t\t\t\t\t\t<span class=\"elementor-icon-list-icon\">\n\t\t\t\t\t\t\t<i aria-hidden=\"true\" class=\"icon icon-flower\"><\/i>\t\t\t\t\t\t<\/span>\n\t\t\t\t\t\t\t\t\t\t<span class=\"elementor-icon-list-text\">Accommodation units<\/span>\n\t\t\t\t\t\t\t\t\t<\/li>\n\t\t\t\t\t\t<\/ul>\n\t\t\t\t\t\t<\/div>\n\t\t\t\t<div class=\"elementor-element elementor-element-36b43ee8 elementor-invisible elementor-widget elementor-widget-heading\" data-id=\"36b43ee8\" data-element_type=\"widget\" data-settings=\"{&quot;_animation&quot;:&quot;fadeInUp&quot;}\" data-widget_type=\"heading.default\">\n\t\t\t\t\t<h2 class=\"elementor-heading-title elementor-size-default\">Choose your apartment<\/h2>\t\t\t\t<\/div>\n\t\t<div class=\"elementor-element elementor-element-5ed228e1 e-con-full e-flex e-con e-child\" data-id=\"5ed228e1\" data-element_type=\"container\">\n\t\t<div class=\"elementor-element elementor-element-31aa1ef0 e-con-full e-flex elementor-invisible e-con e-child\" data-id=\"31aa1ef0\" data-element_type=\"container\" data-settings=\"{&quot;background_background&quot;:&quot;classic&quot;,&quot;animation&quot;:&quot;fadeInUp&quot;}\">\n\t\t\t\t<div class=\"elementor-element elementor-element-1dfebdda elementor-widget elementor-widget-image\" data-id=\"1dfebdda\" data-element_type=\"widget\" data-widget_type=\"image.default\">\n\t\t\t\t\t\t\t\t\t\t\t\t\t\t\t\t<a href=\"#\">\n\t\t\t\t\t\t\t<img fetchpriority=\"high\" decoding=\"async\" width=\"2560\" height=\"1703\" src=\"https:\/\/zagrebapartman.com\/wp-content\/uploads\/2025\/07\/apartman-dream-10-scaled.jpg\" class=\"attachment-full size-full wp-image-209\" alt=\"\" srcset=\"https:\/\/zagrebapartman.com\/wp-content\/uploads\/2025\/07\/apartman-dream-10-scaled.jpg 2560w, https:\/\/zagrebapartman.com\/wp-content\/uploads\/2025\/07\/apartman-dream-10-300x200.jpg 300w, https:\/\/zagrebapartman.com\/wp-content\/uploads\/2025\/07\/apartman-dream-10-1024x681.jpg 1024w, https:\/\/zagrebapartman.com\/wp-content\/uploads\/2025\/07\/apartman-dream-10-768x511.jpg 768w, https:\/\/zagrebapartman.com\/wp-content\/uploads\/2025\/07\/apartman-dream-10-1536x1022.jpg 1536w, https:\/\/zagrebapartman.com\/wp-content\/uploads\/2025\/07\/apartman-dream-10-2048x1363.jpg 2048w\" sizes=\"(max-width: 2560px) 100vw, 2560px\" \/>\t\t\t\t\t\t\t\t<\/a>\n\t\t\t\t\t\t\t\t\t\t\t\t\t\t\t<\/div>\n\t\t<div class=\"elementor-element elementor-element-66a94367 e-flex e-con-boxed e-con e-child\" data-id=\"66a94367\" data-element_type=\"container\">\n\t\t\t\t\t<div class=\"e-con-inner\">\n\t\t\t\t<div class=\"elementor-element elementor-element-1a3a703a elementor-widget elementor-widget-heading\" data-id=\"1a3a703a\" data-element_type=\"widget\" data-widget_type=\"heading.default\">\n\t\t\t\t\t<h5 class=\"elementor-heading-title elementor-size-default\"><a href=\"#\">Dream apartment<\/a><\/h5>\t\t\t\t<\/div>\n\t\t\t\t<div class=\"elementor-element elementor-element-945810c elementor-icon-list--layout-inline elementor-widget__width-inherit elementor-list-item-link-full_width elementor-widget elementor-widget-icon-list\" data-id=\"945810c\" data-element_type=\"widget\" data-widget_type=\"icon-list.default\">\n\t\t\t\t\t\t\t<ul class=\"elementor-icon-list-items elementor-inline-items\">\n\t\t\t\t\t\t\t<li class=\"elementor-icon-list-item elementor-inline-item\">\n\t\t\t\t\t\t\t\t\t\t\t<span class=\"elementor-icon-list-icon\">\n\t\t\t\t\t\t\t<svg aria-hidden=\"true\" class=\"e-font-icon-svg e-far-building\" viewbox=\"0 0 448 512\" xmlns=\"http:\/\/www.w3.org\/2000\/svg\"><path d=\"M128 148v-40c0-6.6 5.4-12 12-12h40c6.6 0 12 5.4 12 12v40c0 6.6-5.4 12-12 12h-40c-6.6 0-12-5.4-12-12zm140 12h40c6.6 0 12-5.4 12-12v-40c0-6.6-5.4-12-12-12h-40c-6.6 0-12 5.4-12 12v40c0 6.6 5.4 12 12 12zm-128 96h40c6.6 0 12-5.4 12-12v-40c0-6.6-5.4-12-12-12h-40c-6.6 0-12 5.4-12 12v40c0 6.6 5.4 12 12 12zm128 0h40c6.6 0 12-5.4 12-12v-40c0-6.6-5.4-12-12-12h-40c-6.6 0-12 5.4-12 12v40c0 6.6 5.4 12 12 12zm-76 84v-40c0-6.6-5.4-12-12-12h-40c-6.6 0-12 5.4-12 12v40c0 6.6 5.4 12 12 12h40c6.6 0 12-5.4 12-12zm76 12h40c6.6 0 12-5.4 12-12v-40c0-6.6-5.4-12-12-12h-40c-6.6 0-12 5.4-12 12v40c0 6.6 5.4 12 12 12zm180 124v36H0v-36c0-6.6 5.4-12 12-12h19.5V24c0-13.3 10.7-24 24-24h337c13.3 0 24 10.7 24 24v440H436c6.6 0 12 5.4 12 12zM79.5 463H192v-67c0-6.6 5.4-12 12-12h40c6.6 0 12 5.4 12 12v67h112.5V49L80 48l-.5 415z\"><\/path><\/svg>\t\t\t\t\t\t<\/span>\n\t\t\t\t\t\t\t\t\t\t<span class=\"elementor-icon-list-text\">Studio apartment (28 m\u00b2)<\/span>\n\t\t\t\t\t\t\t\t\t<\/li>\n\t\t\t\t\t\t\t\t<li class=\"elementor-icon-list-item elementor-inline-item\">\n\t\t\t\t\t\t\t\t\t\t\t<span class=\"elementor-icon-list-icon\">\n\t\t\t\t\t\t\t<svg aria-hidden=\"true\" class=\"e-font-icon-svg e-fas-user-tie\" viewbox=\"0 0 448 512\" xmlns=\"http:\/\/www.w3.org\/2000\/svg\"><path d=\"M224 256c70.7 0 128-57.3 128-128S294.7 0 224 0 96 57.3 96 128s57.3 128 128 128zm95.8 32.6L272 480l-32-136 32-56h-96l32 56-32 136-47.8-191.4C56.9 292 0 350.3 0 422.4V464c0 26.5 21.5 48 48 48h352c26.5 0 48-21.5 48-48v-41.6c0-72.1-56.9-130.4-128.2-133.8z\"><\/path><\/svg>\t\t\t\t\t\t<\/span>\n\t\t\t\t\t\t\t\t\t\t<span class=\"elementor-icon-list-text\">2 guests<\/span>\n\t\t\t\t\t\t\t\t\t<\/li>\n\t\t\t\t\t\t\t\t<li class=\"elementor-icon-list-item elementor-inline-item\">\n\t\t\t\t\t\t\t\t\t\t\t<span class=\"elementor-icon-list-icon\">\n\t\t\t\t\t\t\t<svg aria-hidden=\"true\" class=\"e-font-icon-svg e-fas-bed\" viewbox=\"0 0 640 512\" xmlns=\"http:\/\/www.w3.org\/2000\/svg\"><path d=\"M176 256c44.11 0 80-35.89 80-80s-35.89-80-80-80-80 35.89-80 80 35.89 80 80 80zm352-128H304c-8.84 0-16 7.16-16 16v144H64V80c0-8.84-7.16-16-16-16H16C7.16 64 0 71.16 0 80v352c0 8.84 7.16 16 16 16h32c8.84 0 16-7.16 16-16v-48h512v48c0 8.84 7.16 16 16 16h32c8.84 0 16-7.16 16-16V240c0-61.86-50.14-112-112-112z\"><\/path><\/svg>\t\t\t\t\t\t<\/span>\n\t\t\t\t\t\t\t\t\t\t<span class=\"elementor-icon-list-text\">King size bed<\/span>\n\t\t\t\t\t\t\t\t\t<\/li>\n\t\t\t\t\t\t<\/ul>\n\t\t\t\t\t\t<\/div>\n\t\t\t\t<div class=\"elementor-element elementor-element-2345053e elementor-align-justify elementor-widget elementor-widget-button\" data-id=\"2345053e\" data-element_type=\"widget\" data-widget_type=\"button.default\">\n\t\t\t\t\t\t\t\t\t\t<a class=\"elementor-button elementor-button-link elementor-size-sm\" href=\"https:\/\/zagrebapartman.com\/en\/dream\/\">\n\t\t\t\t\t\t<span class=\"elementor-button-content-wrapper\">\n\t\t\t\t\t\t\t\t\t<span class=\"elementor-button-text\">Select<\/span>\n\t\t\t\t\t<\/span>\n\t\t\t\t\t<\/a>\n\t\t\t\t\t\t\t\t<\/div>\n\t\t\t\t\t<\/div>\n\t\t\t\t<\/div>\n\t\t\t\t<\/div>\n\t\t<div class=\"elementor-element elementor-element-bca5a8a e-con-full e-flex elementor-invisible e-con e-child\" data-id=\"bca5a8a\" data-element_type=\"container\" data-settings=\"{&quot;background_background&quot;:&quot;classic&quot;,&quot;animation&quot;:&quot;fadeInUp&quot;,&quot;animation_delay&quot;:250}\">\n\t\t\t\t<div class=\"elementor-element elementor-element-7e418ed3 elementor-widget elementor-widget-image\" data-id=\"7e418ed3\" data-element_type=\"widget\" data-widget_type=\"image.default\">\n\t\t\t\t\t\t\t\t\t\t\t\t\t\t\t\t<a href=\"#\">\n\t\t\t\t\t\t\t<img decoding=\"async\" width=\"2560\" height=\"1703\" src=\"https:\/\/zagrebapartman.com\/wp-content\/uploads\/2025\/07\/apartman-green-5-scaled.jpg\" class=\"attachment-full size-full wp-image-330\" alt=\"\" srcset=\"https:\/\/zagrebapartman.com\/wp-content\/uploads\/2025\/07\/apartman-green-5-scaled.jpg 2560w, https:\/\/zagrebapartman.com\/wp-content\/uploads\/2025\/07\/apartman-green-5-300x200.jpg 300w, https:\/\/zagrebapartman.com\/wp-content\/uploads\/2025\/07\/apartman-green-5-1024x681.jpg 1024w, https:\/\/zagrebapartman.com\/wp-content\/uploads\/2025\/07\/apartman-green-5-768x511.jpg 768w, https:\/\/zagrebapartman.com\/wp-content\/uploads\/2025\/07\/apartman-green-5-1536x1022.jpg 1536w, https:\/\/zagrebapartman.com\/wp-content\/uploads\/2025\/07\/apartman-green-5-2048x1363.jpg 2048w\" sizes=\"(max-width: 2560px) 100vw, 2560px\" \/>\t\t\t\t\t\t\t\t<\/a>\n\t\t\t\t\t\t\t\t\t\t\t\t\t\t\t<\/div>\n\t\t<div class=\"elementor-element elementor-element-1908c33f e-flex e-con-boxed e-con e-child\" data-id=\"1908c33f\" data-element_type=\"container\">\n\t\t\t\t\t<div class=\"e-con-inner\">\n\t\t\t\t<div class=\"elementor-element elementor-element-375ea9b7 elementor-widget elementor-widget-heading\" data-id=\"375ea9b7\" data-element_type=\"widget\" data-widget_type=\"heading.default\">\n\t\t\t\t\t<h5 class=\"elementor-heading-title elementor-size-default\"><a href=\"#\">Green apartment<\/a><\/h5>\t\t\t\t<\/div>\n\t\t\t\t<div class=\"elementor-element elementor-element-1dc7c6d elementor-icon-list--layout-inline elementor-widget__width-inherit elementor-list-item-link-full_width elementor-widget elementor-widget-icon-list\" data-id=\"1dc7c6d\" data-element_type=\"widget\" data-widget_type=\"icon-list.default\">\n\t\t\t\t\t\t\t<ul class=\"elementor-icon-list-items elementor-inline-items\">\n\t\t\t\t\t\t\t<li class=\"elementor-icon-list-item elementor-inline-item\">\n\t\t\t\t\t\t\t\t\t\t\t<span class=\"elementor-icon-list-icon\">\n\t\t\t\t\t\t\t<svg aria-hidden=\"true\" class=\"e-font-icon-svg e-far-building\" viewbox=\"0 0 448 512\" xmlns=\"http:\/\/www.w3.org\/2000\/svg\"><path d=\"M128 148v-40c0-6.6 5.4-12 12-12h40c6.6 0 12 5.4 12 12v40c0 6.6-5.4 12-12 12h-40c-6.6 0-12-5.4-12-12zm140 12h40c6.6 0 12-5.4 12-12v-40c0-6.6-5.4-12-12-12h-40c-6.6 0-12 5.4-12 12v40c0 6.6 5.4 12 12 12zm-128 96h40c6.6 0 12-5.4 12-12v-40c0-6.6-5.4-12-12-12h-40c-6.6 0-12 5.4-12 12v40c0 6.6 5.4 12 12 12zm128 0h40c6.6 0 12-5.4 12-12v-40c0-6.6-5.4-12-12-12h-40c-6.6 0-12 5.4-12 12v40c0 6.6 5.4 12 12 12zm-76 84v-40c0-6.6-5.4-12-12-12h-40c-6.6 0-12 5.4-12 12v40c0 6.6 5.4 12 12 12h40c6.6 0 12-5.4 12-12zm76 12h40c6.6 0 12-5.4 12-12v-40c0-6.6-5.4-12-12-12h-40c-6.6 0-12 5.4-12 12v40c0 6.6 5.4 12 12 12zm180 124v36H0v-36c0-6.6 5.4-12 12-12h19.5V24c0-13.3 10.7-24 24-24h337c13.3 0 24 10.7 24 24v440H436c6.6 0 12 5.4 12 12zM79.5 463H192v-67c0-6.6 5.4-12 12-12h40c6.6 0 12 5.4 12 12v67h112.5V49L80 48l-.5 415z\"><\/path><\/svg>\t\t\t\t\t\t<\/span>\n\t\t\t\t\t\t\t\t\t\t<span class=\"elementor-icon-list-text\">Studio apartment (33 m\u00b2)<\/span>\n\t\t\t\t\t\t\t\t\t<\/li>\n\t\t\t\t\t\t\t\t<li class=\"elementor-icon-list-item elementor-inline-item\">\n\t\t\t\t\t\t\t\t\t\t\t<span class=\"elementor-icon-list-icon\">\n\t\t\t\t\t\t\t<svg aria-hidden=\"true\" class=\"e-font-icon-svg e-fas-user-tie\" viewbox=\"0 0 448 512\" xmlns=\"http:\/\/www.w3.org\/2000\/svg\"><path d=\"M224 256c70.7 0 128-57.3 128-128S294.7 0 224 0 96 57.3 96 128s57.3 128 128 128zm95.8 32.6L272 480l-32-136 32-56h-96l32 56-32 136-47.8-191.4C56.9 292 0 350.3 0 422.4V464c0 26.5 21.5 48 48 48h352c26.5 0 48-21.5 48-48v-41.6c0-72.1-56.9-130.4-128.2-133.8z\"><\/path><\/svg>\t\t\t\t\t\t<\/span>\n\t\t\t\t\t\t\t\t\t\t<span class=\"elementor-icon-list-text\">2 guests<\/span>\n\t\t\t\t\t\t\t\t\t<\/li>\n\t\t\t\t\t\t\t\t<li class=\"elementor-icon-list-item elementor-inline-item\">\n\t\t\t\t\t\t\t\t\t\t\t<span class=\"elementor-icon-list-icon\">\n\t\t\t\t\t\t\t<svg aria-hidden=\"true\" class=\"e-font-icon-svg e-fas-bed\" viewbox=\"0 0 640 512\" xmlns=\"http:\/\/www.w3.org\/2000\/svg\"><path d=\"M176 256c44.11 0 80-35.89 80-80s-35.89-80-80-80-80 35.89-80 80 35.89 80 80 80zm352-128H304c-8.84 0-16 7.16-16 16v144H64V80c0-8.84-7.16-16-16-16H16C7.16 64 0 71.16 0 80v352c0 8.84 7.16 16 16 16h32c8.84 0 16-7.16 16-16v-48h512v48c0 8.84 7.16 16 16 16h32c8.84 0 16-7.16 16-16V240c0-61.86-50.14-112-112-112z\"><\/path><\/svg>\t\t\t\t\t\t<\/span>\n\t\t\t\t\t\t\t\t\t\t<span class=\"elementor-icon-list-text\">King size bed<\/span>\n\t\t\t\t\t\t\t\t\t<\/li>\n\t\t\t\t\t\t<\/ul>\n\t\t\t\t\t\t<\/div>\n\t\t\t\t<div class=\"elementor-element elementor-element-223687cf elementor-align-justify elementor-widget elementor-widget-button\" data-id=\"223687cf\" data-element_type=\"widget\" data-widget_type=\"button.default\">\n\t\t\t\t\t\t\t\t\t\t<a class=\"elementor-button elementor-button-link elementor-size-sm\" href=\"https:\/\/zagrebapartman.com\/en\/green\/\">\n\t\t\t\t\t\t<span class=\"elementor-button-content-wrapper\">\n\t\t\t\t\t\t\t\t\t<span class=\"elementor-button-text\">Select<\/span>\n\t\t\t\t\t<\/span>\n\t\t\t\t\t<\/a>\n\t\t\t\t\t\t\t\t<\/div>\n\t\t\t\t\t<\/div>\n\t\t\t\t<\/div>\n\t\t\t\t<\/div>\n\t\t\t\t<\/div>\n\t\t\t\t\t<\/div>\n\t\t\t\t<\/div>\n\t\t<div class=\"elementor-element elementor-element-7afbf959 e-flex e-con-boxed e-con e-parent\" data-id=\"7afbf959\" data-element_type=\"container\">\n\t\t\t\t\t<div class=\"e-con-inner\">\n\t\t\t\t<div class=\"elementor-element elementor-element-c99b0cd elementor-absolute e-transform elementor-invisible elementor-widget elementor-widget-image\" data-id=\"c99b0cd\" data-element_type=\"widget\" data-settings=\"{&quot;_position&quot;:&quot;absolute&quot;,&quot;_animation&quot;:&quot;fadeInLeft&quot;,&quot;_transform_flipY_effect&quot;:&quot;transform&quot;}\" data-widget_type=\"image.default\">\n\t\t\t\t\t\t\t\t\t\t\t\t\t\t\t<img decoding=\"async\" width=\"500\" height=\"260\" src=\"https:\/\/zagrebapartman.com\/wp-content\/uploads\/2025\/07\/28.png\" class=\"attachment-full size-full wp-image-23\" alt=\"\" srcset=\"https:\/\/zagrebapartman.com\/wp-content\/uploads\/2025\/07\/28.png 500w, https:\/\/zagrebapartman.com\/wp-content\/uploads\/2025\/07\/28-300x156.png 300w\" sizes=\"(max-width: 500px) 100vw, 500px\" \/>\t\t\t\t\t\t\t\t\t\t\t\t\t\t\t<\/div>\n\t\t\t\t<div class=\"elementor-element elementor-element-49742fe2 elementor-absolute e-transform elementor-invisible elementor-widget elementor-widget-image\" data-id=\"49742fe2\" data-element_type=\"widget\" data-settings=\"{&quot;_position&quot;:&quot;absolute&quot;,&quot;_animation&quot;:&quot;fadeInRight&quot;,&quot;_transform_flipY_effect&quot;:&quot;transform&quot;}\" data-widget_type=\"image.default\">\n\t\t\t\t\t\t\t\t\t\t\t\t\t\t\t<img loading=\"lazy\" decoding=\"async\" width=\"236\" height=\"500\" src=\"https:\/\/zagrebapartman.com\/wp-content\/uploads\/2025\/07\/29.png\" class=\"attachment-full size-full wp-image-25\" alt=\"\" srcset=\"https:\/\/zagrebapartman.com\/wp-content\/uploads\/2025\/07\/29.png 236w, https:\/\/zagrebapartman.com\/wp-content\/uploads\/2025\/07\/29-142x300.png 142w\" sizes=\"(max-width: 236px) 100vw, 236px\" \/>\t\t\t\t\t\t\t\t\t\t\t\t\t\t\t<\/div>\n\t\t\t\t<div class=\"elementor-element elementor-element-7dc382b3 elementor-align-center elementor-icon-list--layout-traditional elementor-list-item-link-full_width elementor-invisible elementor-widget elementor-widget-icon-list\" data-id=\"7dc382b3\" data-element_type=\"widget\" data-settings=\"{&quot;_animation&quot;:&quot;fadeInUp&quot;}\" data-widget_type=\"icon-list.default\">\n\t\t\t\t\t\t\t<ul class=\"elementor-icon-list-items\">\n\t\t\t\t\t\t\t<li class=\"elementor-icon-list-item\">\n\t\t\t\t\t\t\t\t\t\t\t<span class=\"elementor-icon-list-icon\">\n\t\t\t\t\t\t\t<i aria-hidden=\"true\" class=\"icon icon-flower\"><\/i>\t\t\t\t\t\t<\/span>\n\t\t\t\t\t\t\t\t\t\t<span class=\"elementor-icon-list-text\">About us<\/span>\n\t\t\t\t\t\t\t\t\t<\/li>\n\t\t\t\t\t\t<\/ul>\n\t\t\t\t\t\t<\/div>\n\t\t\t\t<div class=\"elementor-element elementor-element-22f762d5 elementor-invisible elementor-widget elementor-widget-heading\" data-id=\"22f762d5\" data-element_type=\"widget\" data-settings=\"{&quot;_animation&quot;:&quot;fadeInUp&quot;}\" data-widget_type=\"heading.default\">\n\t\t\t\t\t<h2 class=\"elementor-heading-title elementor-size-default\">About us and Zagreb<\/h2>\t\t\t\t<\/div>\n\t\t<div class=\"elementor-element elementor-element-413dfae1 e-con-full e-flex e-con e-child\" data-id=\"413dfae1\" data-element_type=\"container\">\n\t\t<div class=\"elementor-element elementor-element-74d2ae08 e-flex e-con-boxed e-con e-child\" data-id=\"74d2ae08\" data-element_type=\"container\">\n\t\t\t\t\t<div class=\"e-con-inner\">\n\t\t\t\t<div class=\"elementor-element elementor-element-0457ab4 elementor-widget elementor-widget-text-editor\" data-id=\"0457ab4\" data-element_type=\"widget\" data-widget_type=\"text-editor.default\">\n\t\t\t\t\t\t\t\t\t<p data-start=\"226\" data-end=\"481\">Located in a house over 100 years old, our apartments offer an authentic Zagreb experience \u2013 a blend of tradition, tranquility, and comfort. Decorated with attention to detail, they combine vintage charm with modern amenities that guarantee guests complete comfort. More than <strong>1500 guests<\/strong> across various platforms have recognized the quality and warmth of our service, leaving reviews that speak for themselves.<\/p><p data-start=\"483\" data-end=\"778\">Your host, Mrs. Miljenka Jur\u010denko, has been welcoming guests for over a decade with the warmth and smile of true Zagreb hospitality. As an active member of the Association of Private Renters of the City of Zagreb, she is committed to ensuring every guest feels the spirit of the real Zagreb \u2013 genuine, open, and kind-hearted.<\/p><p data-start=\"780\" data-end=\"854\">Discover the story of the house, the neighborhood, and the people who make this accommodation special.<\/p>\t\t\t\t\t\t\t\t<\/div>\n\t\t\t\t<div class=\"elementor-element elementor-element-7825dff elementor-widget elementor-widget-image\" data-id=\"7825dff\" data-element_type=\"widget\" data-widget_type=\"image.default\">\n\t\t\t\t\t\t\t\t\t\t\t\t\t\t\t\t<a href=\"https:\/\/hr.airbnb.com\/rooms\/16256357?source_impression_id=p3_1752485634_P3bcinucxheJyWKCi\">\n\t\t\t\t\t\t\t<img loading=\"lazy\" decoding=\"async\" width=\"1346\" height=\"200\" src=\"https:\/\/zagrebapartman.com\/wp-content\/uploads\/2025\/07\/airbnb-dg-apartments.png\" class=\"attachment-full size-full wp-image-657\" alt=\"\" srcset=\"https:\/\/zagrebapartman.com\/wp-content\/uploads\/2025\/07\/airbnb-dg-apartments.png 1346w, https:\/\/zagrebapartman.com\/wp-content\/uploads\/2025\/07\/airbnb-dg-apartments-300x45.png 300w, https:\/\/zagrebapartman.com\/wp-content\/uploads\/2025\/07\/airbnb-dg-apartments-1024x152.png 1024w, https:\/\/zagrebapartman.com\/wp-content\/uploads\/2025\/07\/airbnb-dg-apartments-768x114.png 768w, https:\/\/zagrebapartman.com\/wp-content\/uploads\/2025\/07\/airbnb-dg-apartments-18x3.png 18w\" sizes=\"(max-width: 1346px) 100vw, 1346px\" \/>\t\t\t\t\t\t\t\t<\/a>\n\t\t\t\t\t\t\t\t\t\t\t\t\t\t\t<\/div>\n\t\t\t\t<div class=\"elementor-element elementor-element-ed25ba9 elementor-widget elementor-widget-image\" data-id=\"ed25ba9\" data-element_type=\"widget\" data-widget_type=\"image.default\">\n\t\t\t\t\t\t\t\t\t\t\t\t\t\t\t\t<a href=\"https:\/\/www.booking.com\/hotel\/hr\/studio-apartment-green-one.hr.html#tab-main\">\n\t\t\t\t\t\t\t<img loading=\"lazy\" decoding=\"async\" width=\"1346\" height=\"200\" src=\"https:\/\/zagrebapartman.com\/wp-content\/uploads\/2025\/07\/booking-dg-apartments.png\" class=\"attachment-full size-full wp-image-658\" alt=\"\" srcset=\"https:\/\/zagrebapartman.com\/wp-content\/uploads\/2025\/07\/booking-dg-apartments.png 1346w, https:\/\/zagrebapartman.com\/wp-content\/uploads\/2025\/07\/booking-dg-apartments-300x45.png 300w, https:\/\/zagrebapartman.com\/wp-content\/uploads\/2025\/07\/booking-dg-apartments-1024x152.png 1024w, https:\/\/zagrebapartman.com\/wp-content\/uploads\/2025\/07\/booking-dg-apartments-768x114.png 768w, https:\/\/zagrebapartman.com\/wp-content\/uploads\/2025\/07\/booking-dg-apartments-18x3.png 18w\" sizes=\"(max-width: 1346px) 100vw, 1346px\" \/>\t\t\t\t\t\t\t\t<\/a>\n\t\t\t\t\t\t\t\t\t\t\t\t\t\t\t<\/div>\n\t\t\t\t<div class=\"elementor-element elementor-element-15dc9ba elementor-align-center elementor-widget__width-inherit elementor-mobile-align-center elementor-widget-mobile__width-inherit pulsiraj elementor-invisible elementor-widget elementor-widget-button\" data-id=\"15dc9ba\" data-element_type=\"widget\" data-settings=\"{&quot;_animation&quot;:&quot;fadeInUp&quot;,&quot;_animation_delay&quot;:250}\" data-widget_type=\"button.default\">\n\t\t\t\t\t\t\t\t\t\t<a class=\"elementor-button elementor-button-link elementor-size-sm\" href=\"https:\/\/zagrebapartman.com\/en\/o-nama\/\">\n\t\t\t\t\t\t<span class=\"elementor-button-content-wrapper\">\n\t\t\t\t\t\t<span class=\"elementor-button-icon\">\n\t\t\t\t<svg aria-hidden=\"true\" class=\"e-font-icon-svg e-fas-caret-right\" viewbox=\"0 0 192 512\" xmlns=\"http:\/\/www.w3.org\/2000\/svg\"><path d=\"M0 384.662V127.338c0-17.818 21.543-26.741 34.142-14.142l128.662 128.662c7.81 7.81 7.81 20.474 0 28.284L34.142 398.804C21.543 411.404 0 402.48 0 384.662z\"><\/path><\/svg>\t\t\t<\/span>\n\t\t\t\t\t\t\t\t\t<span class=\"elementor-button-text\">More info<\/span>\n\t\t\t\t\t<\/span>\n\t\t\t\t\t<\/a>\n\t\t\t\t\t\t\t\t<\/div>\n\t\t\t\t\t<\/div>\n\t\t\t\t<\/div>\n\t\t<div class=\"elementor-element elementor-element-32a2708f e-flex e-con-boxed e-con e-child\" data-id=\"32a2708f\" data-element_type=\"container\">\n\t\t\t\t\t<div class=\"e-con-inner\">\n\t\t\t\t<div class=\"elementor-element elementor-element-9fc02cf elementor-widget elementor-widget-image\" data-id=\"9fc02cf\" data-element_type=\"widget\" data-widget_type=\"image.default\">\n\t\t\t\t\t\t\t\t\t\t\t\t\t\t\t<img loading=\"lazy\" decoding=\"async\" width=\"1000\" height=\"1000\" src=\"https:\/\/zagrebapartman.com\/wp-content\/uploads\/2025\/07\/miljana-jurcenko.png\" class=\"attachment-full size-full wp-image-412\" alt=\"\" srcset=\"https:\/\/zagrebapartman.com\/wp-content\/uploads\/2025\/07\/miljana-jurcenko.png 1000w, https:\/\/zagrebapartman.com\/wp-content\/uploads\/2025\/07\/miljana-jurcenko-300x300.png 300w, https:\/\/zagrebapartman.com\/wp-content\/uploads\/2025\/07\/miljana-jurcenko-150x150.png 150w, https:\/\/zagrebapartman.com\/wp-content\/uploads\/2025\/07\/miljana-jurcenko-768x768.png 768w\" sizes=\"(max-width: 1000px) 100vw, 1000px\" \/>\t\t\t\t\t\t\t\t\t\t\t\t\t\t\t<\/div>\n\t\t\t\t\t<\/div>\n\t\t\t\t<\/div>\n\t\t\t\t<\/div>\n\t\t\t\t\t<\/div>\n\t\t\t\t<\/div>\n\t\t<div class=\"elementor-element elementor-element-52ecc064 e-flex e-con-boxed elementor-invisible e-con e-parent\" data-id=\"52ecc064\" data-element_type=\"container\" data-settings=\"{&quot;background_background&quot;:&quot;classic&quot;,&quot;animation&quot;:&quot;fadeIn&quot;}\">\n\t\t\t\t\t<div class=\"e-con-inner\">\n\t\t\t\t<div class=\"elementor-element elementor-element-23385be8 elementor-widget__width-initial elementor-widget-mobile__width-inherit elementor-invisible elementor-widget elementor-widget-heading\" data-id=\"23385be8\" data-element_type=\"widget\" data-settings=\"{&quot;_animation&quot;:&quot;fadeInUp&quot;}\" data-widget_type=\"heading.default\">\n\t\t\t\t\t<h2 class=\"elementor-heading-title elementor-size-default\">Choose your apartment<\/h2>\t\t\t\t<\/div>\n\t\t\t\t<div class=\"elementor-element elementor-element-c1492c8 elementor-align-justify pulsiraj elementor-widget elementor-widget-button\" data-id=\"c1492c8\" data-element_type=\"widget\" data-widget_type=\"button.default\">\n\t\t\t\t\t\t\t\t\t\t<a class=\"elementor-button elementor-button-link elementor-size-sm\" href=\"https:\/\/zagrebapartman.com\/en\/dream\/\">\n\t\t\t\t\t\t<span class=\"elementor-button-content-wrapper\">\n\t\t\t\t\t\t\t\t\t<span class=\"elementor-button-text\">DREAM<\/span>\n\t\t\t\t\t<\/span>\n\t\t\t\t\t<\/a>\n\t\t\t\t\t\t\t\t<\/div>\n\t\t\t\t<div class=\"elementor-element elementor-element-0be4b70 elementor-align-justify pulsiraj elementor-widget elementor-widget-button\" data-id=\"0be4b70\" data-element_type=\"widget\" data-widget_type=\"button.default\">\n\t\t\t\t\t\t\t\t\t\t<a class=\"elementor-button elementor-button-link elementor-size-sm\" href=\"https:\/\/zagrebapartman.com\/en\/green\/\">\n\t\t\t\t\t\t<span class=\"elementor-button-content-wrapper\">\n\t\t\t\t\t\t\t\t\t<span class=\"elementor-button-text\">GREEN<\/span>\n\t\t\t\t\t<\/span>\n\t\t\t\t\t<\/a>\n\t\t\t\t\t\t\t\t<\/div>\n\t\t\t\t\t<\/div>\n\t\t\t\t<\/div>\n\t\t\t\t<\/div>","protected":false},"excerpt":{"rendered":"<p>Autenti\u010dni apartmani u Zagrebu Zagreb kakav polako nestaje \u2013 ku\u0107a s du\u0161om, mirna ulica i apartmani koji imaju sve \u0161to vam treba. smje\u0161tajne jedinice Izbor apartmana Dream apartman Studio apartman (28 m\u00b2) 2 osobe Bra\u010dni krevet Odaberi Green apartman Studio apartman (33 m\u00b2) 2 osobe Bra\u010dni krevet odaberi o nama O nama i Zagrebu Smje\u0161teni [&hellip;]<\/p>","protected":false},"author":1,"featured_media":0,"parent":0,"menu_order":0,"comment_status":"closed","ping_status":"closed","template":"elementor_header_footer","meta":{"footnotes":""},"class_list":["post-89","page","type-page","status-publish","hentry"],"_links":{"self":[{"href":"https:\/\/zagrebapartman.com\/en\/wp-json\/wp\/v2\/pages\/89","targetHints":{"allow":["GET"]}}],"collection":[{"href":"https:\/\/zagrebapartman.com\/en\/wp-json\/wp\/v2\/pages"}],"about":[{"href":"https:\/\/zagrebapartman.com\/en\/wp-json\/wp\/v2\/types\/page"}],"author":[{"embeddable":true,"href":"https:\/\/zagrebapartman.com\/en\/wp-json\/wp\/v2\/users\/1"}],"replies":[{"embeddable":true,"href":"https:\/\/zagrebapartman.com\/en\/wp-json\/wp\/v2\/comments?post=89"}],"version-history":[{"count":136,"href":"https:\/\/zagrebapartman.com\/en\/wp-json\/wp\/v2\/pages\/89\/revisions"}],"predecessor-version":[{"id":661,"href":"https:\/\/zagrebapartman.com\/en\/wp-json\/wp\/v2\/pages\/89\/revisions\/661"}],"wp:attachment":[{"href":"https:\/\/zagrebapartman.com\/en\/wp-json\/wp\/v2\/media?parent=89"}],"curies":[{"name":"wp","href":"https:\/\/api.w.org\/{rel}","templated":true}]}}